{"id":54,"date":"2020-06-08T17:54:08","date_gmt":"2020-06-08T17:54:08","guid":{"rendered":"https:\/\/radioguadalix.es\/?page_id=54"},"modified":"2025-12-27T21:08:40","modified_gmt":"2025-12-27T21:08:40","slug":"radio","status":"publish","type":"page","link":"https:\/\/radioguadalix.es\/","title":{"rendered":"Inicio"},"content":{"rendered":"\n<marquee style=\"border:WHITE 3px SOLID\" scrolldelay=\"120\">\u00bfTe gusta la radio? Si quieres participar contactanos en radioguadalix@gmail.com<\/marquee>\n\n\n\n<figure class=\"wp-block-image size-large is-style-default\"><img decoding=\"async\" src=\"https:\/\/www.radioutopia.org.es\/wp-content\/uploads\/2025\/09\/Palestina-3.png\" alt=\"\"\/><\/figure>\n\n\n\n<p class=\"has-medium-font-size\"><strong><em>Noticias recientes<\/em><\/strong><\/p>\n\n\n<ul class=\"wp-block-latest-posts__list has-dates wp-block-latest-posts has-small-font-size\"><li><a class=\"wp-block-latest-posts__post-title\" href=\"https:\/\/radioguadalix.es\/index.php\/2026\/03\/28\/ii-feria-del-libro-y-certamen-de-relatos\/\">II Feria del Libro y Certamen de Relatos<\/a><time datetime=\"2026-03-28T15:37:21+00:00\" class=\"wp-block-latest-posts__post-date\">marzo 28, 2026<\/time><\/li>\n<li><div class=\"wp-block-latest-posts__featured-image\"><a href=\"https:\/\/radioguadalix.es\/index.php\/2026\/03\/05\/redifusion-domingo-8-de-marzo-especial-8m-dia-de-la-mujer-en-directo-urcm\/\" aria-label=\"Redifusi\u00f3n domingo 8 de marzo Especial 8M, d\u00eda de la mujer, en directo URCM\"><img loading=\"lazy\" decoding=\"async\" width=\"150\" height=\"150\" src=\"https:\/\/radioguadalix.es\/wp-content\/uploads\/2026\/03\/1000094668-150x150.jpg\" class=\"attachment-thumbnail size-thumbnail wp-post-image\" alt=\"\" style=\"max-width:75px;max-height:75px;\" \/><\/a><\/div><a class=\"wp-block-latest-posts__post-title\" href=\"https:\/\/radioguadalix.es\/index.php\/2026\/03\/05\/redifusion-domingo-8-de-marzo-especial-8m-dia-de-la-mujer-en-directo-urcm\/\">Redifusi\u00f3n domingo 8 de marzo Especial 8M, d\u00eda de la mujer, en directo URCM<\/a><time datetime=\"2026-03-05T18:51:29+00:00\" class=\"wp-block-latest-posts__post-date\">marzo 5, 2026<\/time><\/li>\n<li><div class=\"wp-block-latest-posts__featured-image\"><a href=\"https:\/\/radioguadalix.es\/index.php\/2026\/02\/22\/proximo-concierto-de-rockgrill\/\" aria-label=\"Pr\u00f3ximo concierto de Rock&amp;Grill\"><img loading=\"lazy\" decoding=\"async\" width=\"150\" height=\"150\" src=\"https:\/\/radioguadalix.es\/wp-content\/uploads\/2026\/02\/1000093019-2-150x150.jpg\" class=\"attachment-thumbnail size-thumbnail wp-post-image\" alt=\"\" style=\"max-width:75px;max-height:75px;\" \/><\/a><\/div><a class=\"wp-block-latest-posts__post-title\" href=\"https:\/\/radioguadalix.es\/index.php\/2026\/02\/22\/proximo-concierto-de-rockgrill\/\">Pr\u00f3ximo concierto de Rock&amp;Grill<\/a><time datetime=\"2026-02-22T13:53:46+00:00\" class=\"wp-block-latest-posts__post-date\">febrero 22, 2026<\/time><\/li>\n<\/ul>\n\n\n<p>Puedes llevarnos en tu dispositivo con nuestra app <a href=\"https:\/\/app.zonahosting.es\/home\/6bae5d0430ca5da2\"><strong>Descargar<\/strong><\/a><\/p>\n\n\n\n<hr class=\"wp-block-separator has-css-opacity\"\/>\n\n\n<p>Radio Guadalix es un proyecto de comunicacion que naci\u00f3 en 2018 para dar voz a las personas de la Sierra Norte de Madrid. Emitimos de forma local y online as\u00ed que nos podr\u00e1s escuchar desde cualquier parte del mundo<\/p>\n\n\n<p class=\"has-text-align-center has-accent-color has-text-color\"><a href=\"https:\/\/topradio.uno:2199\/start\/radioguadalix\">https:\/\/topradio.uno:2199\/start\/radioguadalix<\/a><\/p>\n\n\n\n<p><\/p>\n","protected":false},"excerpt":{"rendered":"<p>\u00bfTe gusta la radio? Si quieres participar contactanos en radioguadalix@gmail.com Noticias recientes Puedes llevarnos en tu dispositivo con nuestra app Descargar Radio Guadalix es un proyecto de comunicacion que naci\u00f3 en 2018 para dar voz a las personas de la Sierra Norte de Madrid. Emitimos de forma local y online<\/p>\n<div class=\"continue-reading-wrapper\"><a href=\"https:\/\/radioguadalix.es\/\" class=\"continue-reading\">Seguir leyendo<i class=\"ion-ios-arrow-right\"><\/i><\/a><\/div>\n","protected":false},"author":1,"featured_media":36887,"parent":0,"menu_order":0,"comment_status":"closed","ping_status":"closed","template":"","meta":{"_uag_custom_page_level_css":"","episode_type":"","audio_file":"","cover_image":"","cover_image_id":"","duration":"","filesize":"","filesize_raw":"","date_recorded":"","explicit":"","block":"","itunes_episode_number":"","itunes_title":"","itunes_season_number":"","itunes_episode_type":"","footnotes":""},"class_list":["post-54","page","type-page","status-publish","has-post-thumbnail","hentry"],"yoast_head":"<!-- This site is optimized with the Yoast SEO plugin v27.3 - https:\/\/yoast.com\/product\/yoast-seo-wordpress\/ -->\n<title>Radio Guadalix &#8212; Tu Radio De la Sierra Norte<\/title>\n<meta name=\"description\" content=\"Radio Guadalix es una emisora libre autogestionada ubicada en Guadalix de la Sierra\" \/>\n<meta name=\"robots\" content=\"index, follow, max-snippet:-1, max-image-preview:large, max-video-preview:-1\" \/>\n<link rel=\"canonical\" href=\"https:\/\/radioguadalix.es\/\" \/>\n<meta property=\"og:locale\" content=\"es_ES\" \/>\n<meta property=\"og:type\" content=\"article\" \/>\n<meta property=\"og:title\" content=\"Radio Guadalix &#8212; Tu Radio De la Sierra Norte\" \/>\n<meta property=\"og:description\" content=\"Radio Guadalix es una emisora libre autogestionada ubicada en Guadalix de la Sierra\" \/>\n<meta property=\"og:url\" content=\"https:\/\/radioguadalix.es\/\" \/>\n<meta property=\"og:site_name\" content=\"Radio Guadalix\" \/>\n<meta property=\"article:modified_time\" content=\"2025-12-27T21:08:40+00:00\" \/>\n<meta property=\"og:image\" content=\"http:\/\/radioguadalix.es\/wp-content\/uploads\/2025\/11\/cartel-5apegatina-e1763923277216.png\" \/>\n\t<meta property=\"og:image:width\" content=\"1100\" \/>\n\t<meta property=\"og:image:height\" content=\"632\" \/>\n\t<meta property=\"og:image:type\" content=\"image\/png\" \/>\n<meta name=\"twitter:card\" content=\"summary_large_image\" \/>\n<meta name=\"twitter:label1\" content=\"Tiempo de lectura\" \/>\n\t<meta name=\"twitter:data1\" content=\"1 minuto\" \/>\n<script type=\"application\/ld+json\" class=\"yoast-schema-graph\">{\"@context\":\"https:\\\/\\\/schema.org\",\"@graph\":[{\"@type\":\"WebPage\",\"@id\":\"https:\\\/\\\/radioguadalix.es\\\/\",\"url\":\"https:\\\/\\\/radioguadalix.es\\\/\",\"name\":\"Radio Guadalix &#8212; Tu Radio De la Sierra Norte\",\"isPartOf\":{\"@id\":\"https:\\\/\\\/radioguadalix.es\\\/#website\"},\"primaryImageOfPage\":{\"@id\":\"https:\\\/\\\/radioguadalix.es\\\/#primaryimage\"},\"image\":{\"@id\":\"https:\\\/\\\/radioguadalix.es\\\/#primaryimage\"},\"thumbnailUrl\":\"https:\\\/\\\/radioguadalix.es\\\/wp-content\\\/uploads\\\/2025\\\/11\\\/cartel-5apegatina-e1763923277216.png\",\"datePublished\":\"2020-06-08T17:54:08+00:00\",\"dateModified\":\"2025-12-27T21:08:40+00:00\",\"description\":\"Radio Guadalix es una emisora libre autogestionada ubicada en Guadalix de la Sierra\",\"breadcrumb\":{\"@id\":\"https:\\\/\\\/radioguadalix.es\\\/#breadcrumb\"},\"inLanguage\":\"es\",\"potentialAction\":[{\"@type\":\"ReadAction\",\"target\":[\"https:\\\/\\\/radioguadalix.es\\\/\"]}]},{\"@type\":\"ImageObject\",\"inLanguage\":\"es\",\"@id\":\"https:\\\/\\\/radioguadalix.es\\\/#primaryimage\",\"url\":\"https:\\\/\\\/radioguadalix.es\\\/wp-content\\\/uploads\\\/2025\\\/11\\\/cartel-5apegatina-e1763923277216.png\",\"contentUrl\":\"https:\\\/\\\/radioguadalix.es\\\/wp-content\\\/uploads\\\/2025\\\/11\\\/cartel-5apegatina-e1763923277216.png\",\"width\":1100,\"height\":632},{\"@type\":\"BreadcrumbList\",\"@id\":\"https:\\\/\\\/radioguadalix.es\\\/#breadcrumb\",\"itemListElement\":[{\"@type\":\"ListItem\",\"position\":1,\"name\":\"Portada\",\"item\":\"https:\\\/\\\/radioguadalix.es\\\/\"},{\"@type\":\"ListItem\",\"position\":2,\"name\":\"Inicio\"}]},{\"@type\":\"WebSite\",\"@id\":\"https:\\\/\\\/radioguadalix.es\\\/#website\",\"url\":\"https:\\\/\\\/radioguadalix.es\\\/\",\"name\":\"Radio Guadalix\",\"description\":\"Asociaci\u00f3n Cultural Radio Guadalix\",\"publisher\":{\"@id\":\"https:\\\/\\\/radioguadalix.es\\\/#organization\"},\"potentialAction\":[{\"@type\":\"SearchAction\",\"target\":{\"@type\":\"EntryPoint\",\"urlTemplate\":\"https:\\\/\\\/radioguadalix.es\\\/?s={search_term_string}\"},\"query-input\":{\"@type\":\"PropertyValueSpecification\",\"valueRequired\":true,\"valueName\":\"search_term_string\"}}],\"inLanguage\":\"es\"},{\"@type\":\"Organization\",\"@id\":\"https:\\\/\\\/radioguadalix.es\\\/#organization\",\"name\":\"Radio Guadalix\",\"url\":\"https:\\\/\\\/radioguadalix.es\\\/\",\"logo\":{\"@type\":\"ImageObject\",\"inLanguage\":\"es\",\"@id\":\"https:\\\/\\\/radioguadalix.es\\\/#\\\/schema\\\/logo\\\/image\\\/\",\"url\":\"http:\\\/\\\/pigvyaq.cluster100.hosting.ovh.net\\\/wp-content\\\/uploads\\\/2020\\\/07\\\/radio-guadalix2gig.png\",\"contentUrl\":\"http:\\\/\\\/pigvyaq.cluster100.hosting.ovh.net\\\/wp-content\\\/uploads\\\/2020\\\/07\\\/radio-guadalix2gig.png\",\"width\":1300,\"height\":1024,\"caption\":\"Radio Guadalix\"},\"image\":{\"@id\":\"https:\\\/\\\/radioguadalix.es\\\/#\\\/schema\\\/logo\\\/image\\\/\"}}]}<\/script>\n<!-- \/ Yoast SEO plugin. -->","yoast_head_json":{"title":"Radio Guadalix &#8212; Tu Radio De la Sierra Norte","description":"Radio Guadalix es una emisora libre autogestionada ubicada en Guadalix de la Sierra","robots":{"index":"index","follow":"follow","max-snippet":"max-snippet:-1","max-image-preview":"max-image-preview:large","max-video-preview":"max-video-preview:-1"},"canonical":"https:\/\/radioguadalix.es\/","og_locale":"es_ES","og_type":"article","og_title":"Radio Guadalix &#8212; Tu Radio De la Sierra Norte","og_description":"Radio Guadalix es una emisora libre autogestionada ubicada en Guadalix de la Sierra","og_url":"https:\/\/radioguadalix.es\/","og_site_name":"Radio Guadalix","article_modified_time":"2025-12-27T21:08:40+00:00","og_image":[{"width":1100,"height":632,"url":"http:\/\/radioguadalix.es\/wp-content\/uploads\/2025\/11\/cartel-5apegatina-e1763923277216.png","type":"image\/png"}],"twitter_card":"summary_large_image","twitter_misc":{"Tiempo de lectura":"1 minuto"},"schema":{"@context":"https:\/\/schema.org","@graph":[{"@type":"WebPage","@id":"https:\/\/radioguadalix.es\/","url":"https:\/\/radioguadalix.es\/","name":"Radio Guadalix &#8212; Tu Radio De la Sierra Norte","isPartOf":{"@id":"https:\/\/radioguadalix.es\/#website"},"primaryImageOfPage":{"@id":"https:\/\/radioguadalix.es\/#primaryimage"},"image":{"@id":"https:\/\/radioguadalix.es\/#primaryimage"},"thumbnailUrl":"https:\/\/radioguadalix.es\/wp-content\/uploads\/2025\/11\/cartel-5apegatina-e1763923277216.png","datePublished":"2020-06-08T17:54:08+00:00","dateModified":"2025-12-27T21:08:40+00:00","description":"Radio Guadalix es una emisora libre autogestionada ubicada en Guadalix de la Sierra","breadcrumb":{"@id":"https:\/\/radioguadalix.es\/#breadcrumb"},"inLanguage":"es","potentialAction":[{"@type":"ReadAction","target":["https:\/\/radioguadalix.es\/"]}]},{"@type":"ImageObject","inLanguage":"es","@id":"https:\/\/radioguadalix.es\/#primaryimage","url":"https:\/\/radioguadalix.es\/wp-content\/uploads\/2025\/11\/cartel-5apegatina-e1763923277216.png","contentUrl":"https:\/\/radioguadalix.es\/wp-content\/uploads\/2025\/11\/cartel-5apegatina-e1763923277216.png","width":1100,"height":632},{"@type":"BreadcrumbList","@id":"https:\/\/radioguadalix.es\/#breadcrumb","itemListElement":[{"@type":"ListItem","position":1,"name":"Portada","item":"https:\/\/radioguadalix.es\/"},{"@type":"ListItem","position":2,"name":"Inicio"}]},{"@type":"WebSite","@id":"https:\/\/radioguadalix.es\/#website","url":"https:\/\/radioguadalix.es\/","name":"Radio Guadalix","description":"Asociaci\u00f3n Cultural Radio Guadalix","publisher":{"@id":"https:\/\/radioguadalix.es\/#organization"},"potentialAction":[{"@type":"SearchAction","target":{"@type":"EntryPoint","urlTemplate":"https:\/\/radioguadalix.es\/?s={search_term_string}"},"query-input":{"@type":"PropertyValueSpecification","valueRequired":true,"valueName":"search_term_string"}}],"inLanguage":"es"},{"@type":"Organization","@id":"https:\/\/radioguadalix.es\/#organization","name":"Radio Guadalix","url":"https:\/\/radioguadalix.es\/","logo":{"@type":"ImageObject","inLanguage":"es","@id":"https:\/\/radioguadalix.es\/#\/schema\/logo\/image\/","url":"http:\/\/pigvyaq.cluster100.hosting.ovh.net\/wp-content\/uploads\/2020\/07\/radio-guadalix2gig.png","contentUrl":"http:\/\/pigvyaq.cluster100.hosting.ovh.net\/wp-content\/uploads\/2020\/07\/radio-guadalix2gig.png","width":1300,"height":1024,"caption":"Radio Guadalix"},"image":{"@id":"https:\/\/radioguadalix.es\/#\/schema\/logo\/image\/"}}]}},"uagb_featured_image_src":{"full":["https:\/\/radioguadalix.es\/wp-content\/uploads\/2025\/11\/cartel-5apegatina-e1763923277216.png",1100,632,false],"thumbnail":["https:\/\/radioguadalix.es\/wp-content\/uploads\/2025\/11\/cartel-5apegatina-150x150.png",150,150,true],"medium":["https:\/\/radioguadalix.es\/wp-content\/uploads\/2025\/11\/cartel-5apegatina-300x172.png",300,172,true],"medium_large":["https:\/\/radioguadalix.es\/wp-content\/uploads\/2025\/11\/cartel-5apegatina-768x441.png",768,441,true],"large":["https:\/\/radioguadalix.es\/wp-content\/uploads\/2025\/11\/cartel-5apegatina-1024x588.png",1024,588,true],"1536x1536":["https:\/\/radioguadalix.es\/wp-content\/uploads\/2025\/11\/cartel-5apegatina-1536x882.png",1536,882,true],"2048x2048":["https:\/\/radioguadalix.es\/wp-content\/uploads\/2025\/11\/cartel-5apegatina-2048x1177.png",2048,1177,true],"knight-archive-post":["https:\/\/radioguadalix.es\/wp-content\/uploads\/2025\/11\/cartel-5apegatina-1024x576.png",1024,576,true]},"uagb_author_info":{"display_name":"Guillermo Lecumberri","author_link":"https:\/\/radioguadalix.es\/index.php\/author\/guilleadmin\/"},"uagb_comment_info":0,"uagb_excerpt":"\u00bfTe gusta la radio? Si quieres participar contactanos en radioguadalix@gmail.com Noticias recientes Puedes llevarnos en tu dispositivo con nuestra app Descargar Radio Guadalix es un proyecto de comunicacion que naci\u00f3 en 2018 para dar voz a las personas de la Sierra Norte de Madrid. Emitimos de forma local y onlineSeguir leyendo","jetpack_sharing_enabled":true,"_links":{"self":[{"href":"https:\/\/radioguadalix.es\/index.php\/wp-json\/wp\/v2\/pages\/54","targetHints":{"allow":["GET"]}}],"collection":[{"href":"https:\/\/radioguadalix.es\/index.php\/wp-json\/wp\/v2\/pages"}],"about":[{"href":"https:\/\/radioguadalix.es\/index.php\/wp-json\/wp\/v2\/types\/page"}],"author":[{"embeddable":true,"href":"https:\/\/radioguadalix.es\/index.php\/wp-json\/wp\/v2\/users\/1"}],"replies":[{"embeddable":true,"href":"https:\/\/radioguadalix.es\/index.php\/wp-json\/wp\/v2\/comments?post=54"}],"version-history":[{"count":74,"href":"https:\/\/radioguadalix.es\/index.php\/wp-json\/wp\/v2\/pages\/54\/revisions"}],"predecessor-version":[{"id":36923,"href":"https:\/\/radioguadalix.es\/index.php\/wp-json\/wp\/v2\/pages\/54\/revisions\/36923"}],"wp:featuredmedia":[{"embeddable":true,"href":"https:\/\/radioguadalix.es\/index.php\/wp-json\/wp\/v2\/media\/36887"}],"wp:attachment":[{"href":"https:\/\/radioguadalix.es\/index.php\/wp-json\/wp\/v2\/media?parent=54"}],"curies":[{"name":"wp","href":"https:\/\/api.w.org\/{rel}","templated":true}]}}